{"id":908,"date":"2020-11-03T09:03:52","date_gmt":"2020-11-03T09:03:52","guid":{"rendered":"http:\/\/wpa-gmbh.com.w01b3137.kasserver.com\/?page_id=908"},"modified":"2026-02-24T16:50:47","modified_gmt":"2026-02-24T15:50:47","slug":"ueber-uns","status":"publish","type":"page","link":"https:\/\/wpa-gmbh.com\/en\/about-us\/","title":{"rendered":"About us"},"content":{"rendered":"<div style=\"height:25px\" aria-hidden=\"true\" class=\"wp-block-spacer\"><\/div>\n\n\n\n<div class=\"wp-block-media-text has-media-on-the-right is-stacked-on-mobile\" style=\"grid-template-columns:auto 23%\"><div class=\"wp-block-media-text__content\">\n<h1 class=\"wp-block-heading\" id=\"was-uns-auszeichnet\">What makes us stand out:<\/h1>\n<\/div><figure class=\"wp-block-media-text__media\"><img loading=\"lazy\" decoding=\"async\" width=\"1024\" height=\"512\" src=\"https:\/\/wpa-gmbh.com\/wp-content\/uploads\/2022\/06\/ISO9001-14001-1024x512.png\" alt=\"\" class=\"wp-image-9402 size-full\" srcset=\"https:\/\/wpa-gmbh.com\/wp-content\/uploads\/2022\/06\/ISO9001-14001-1024x512.png 1024w, https:\/\/wpa-gmbh.com\/wp-content\/uploads\/2022\/06\/ISO9001-14001-300x150.png 300w, https:\/\/wpa-gmbh.com\/wp-content\/uploads\/2022\/06\/ISO9001-14001-768x384.png 768w, https:\/\/wpa-gmbh.com\/wp-content\/uploads\/2022\/06\/ISO9001-14001-1536x768.png 1536w, https:\/\/wpa-gmbh.com\/wp-content\/uploads\/2022\/06\/ISO9001-14001-2048x1024.png 2048w, https:\/\/wpa-gmbh.com\/wp-content\/uploads\/2022\/06\/ISO9001-14001-18x9.png 18w\" sizes=\"auto, (max-width: 1024px) 100vw, 1024px\" \/><\/figure><\/div>\n\n\n\n<div class=\"wp-block-columns is-layout-flex wp-container-core-columns-is-layout-28f84493 wp-block-columns-is-layout-flex\">\n<div class=\"wp-block-column is-layout-flow wp-block-column-is-layout-flow\">\n<div class=\"wp-block-columns is-layout-flex wp-container-core-columns-is-layout-28f84493 wp-block-columns-is-layout-flex\">\n<div class=\"wp-block-column is-layout-flow wp-block-column-is-layout-flow\">\n<h3 class=\"wp-block-heading\" id=\"kundennahe\">Customer focus\u2029<\/h3>\n\n\n\n<p>Our team is at your disposal at any time and offers solutions for your individual requirements. The customer proximity is the secret to our corporate success. This is why we measure our success by the satisfaction of our customers, to whom we offer a partnership at eye level.<\/p>\n<\/div>\n\n\n\n<div class=\"wp-block-column is-layout-flow wp-block-column-is-layout-flow\">\n<h2 class=\"wp-block-heading\" id=\"kompetenz\">Competence<\/h2>\n\n\n\n<p>Reliable communication with our customers enables customized and efficient solutions for all tasks and challenges. Our business partners know what they can expect from us: Your needs are the focus of our endeavors.<\/p>\n<\/div>\n<\/div>\n\n\n\n<div class=\"wp-block-columns is-layout-flex wp-container-core-columns-is-layout-28f84493 wp-block-columns-is-layout-flex\">\n<div class=\"wp-block-column is-layout-flow wp-block-column-is-layout-flow\">\n<h3 class=\"wp-block-heading\" id=\"vertrauen\">Credibility<\/h3>\n\n\n\n<p>Our employees\u2019 competence \u2013 regardless of whether in terms of software or hardware \u2013 assists you in planning, selecting and procuring individual parts through to the assembly and installation of complete systems. This also includes preparation and installation, during which we provide you with personal training.<\/p>\n<\/div>\n\n\n\n<div class=\"wp-block-column is-layout-flow wp-block-column-is-layout-flow\">\n<h2 class=\"wp-block-heading\" id=\"schulungsangebote\">Educational services\u2029<\/h2>\n\n\n\n<p>Benefit from the knowledge of our experts!We offer you a wide range of practical training and further educational courses which are perfectly customized to your needs. No matter if you are a beginner or an experienced user \u2013 with us you will get to be an expert.<\/p>\n<\/div>\n<\/div>\n<\/div>\n<\/div>\n\n\n\n<div style=\"height:20px\" aria-hidden=\"true\" class=\"wp-block-spacer\"><\/div>\n\n\n\n<h2 class=\"wp-block-heading\" id=\"iso\">WPA \u2013 Certified according to DIN ISO 9001:2015<\/h2>\n\n\n\n<p>We are pleased to announce that Waterjet Production Academy GmbH has been successfully certified to EN ISO 9001 and EN ISO 14001. These certifications are an important milestone in our commitment to the continuous improvement of our products and services as well as the environmental sustainability of our processes.<\/p>\n\n\n\n<p>The EN ISO 9001 certification refers to our quality management system, which ensures that we meet our customers' requirements and continuously work to improve our processes. We have implemented strict internal controls to ensure that all products and services meet our high quality standards.<\/p>\n\n\n\n<p>EN ISO 14001 certification relates to our environmental management system, which ensures that we minimize our environmental impact and achieve our sustainability goals. We have implemented a comprehensive environmental management system that ensures that all aspects of our business, including energy and resource consumption, waste disposal and environmental protection, are controlled and improved.<\/p>\n\n\n\n<p>Through these certifications, we demonstrate our commitment to excellence in all areas of our business. We are proud that our customers can be assured that they are receiving products and services of the highest quality, while at the same time we are fulfilling our responsibility to the environment. We will continue to work hard to improve our processes and achieve our sustainability goals to ensure customer satisfaction and protect our environment.<\/p>\n\n\n\n<div class=\"wp-block-columns is-layout-flex wp-container-core-columns-is-layout-28f84493 wp-block-columns-is-layout-flex\">\n<div class=\"wp-block-column is-layout-flow wp-block-column-is-layout-flow\">\n<div class=\"wp-block-file\"><a id=\"wp-block-file--media-737bf6fb-2514-4fab-bc6b-c4439c90b7ff\" href=\"https:\/\/wpa-gmbh.com\/wp-content\/uploads\/2026\/02\/Certificate-ISO-9001_Waterjet-Production-Academy-GmbH_en.pdf\">Certificate ISO 9001_Waterjet Production Academy GmbH_en<\/a><a href=\"https:\/\/wpa-gmbh.com\/wp-content\/uploads\/2026\/02\/Certificate-ISO-9001_Waterjet-Production-Academy-GmbH_en.pdf\" class=\"wp-block-file__button wp-element-button\" download aria-describedby=\"wp-block-file--media-737bf6fb-2514-4fab-bc6b-c4439c90b7ff\">Download<\/a><\/div>\n<\/div>\n\n\n\n<div class=\"wp-block-column is-layout-flow wp-block-column-is-layout-flow\">\n<div class=\"wp-block-file\"><a id=\"wp-block-file--media-fbd5e1bf-be52-454e-a769-0825758e1102\" href=\"https:\/\/wpa-gmbh.com\/wp-content\/uploads\/2026\/02\/Certificate-ISO-14001_Waterjet-Production-Academy-GmbH_en.pdf\">Certificate ISO 14001_Waterjet Production Academy GmbH_en<\/a><a href=\"https:\/\/wpa-gmbh.com\/wp-content\/uploads\/2026\/02\/Certificate-ISO-14001_Waterjet-Production-Academy-GmbH_en.pdf\" class=\"wp-block-file__button wp-element-button\" download aria-describedby=\"wp-block-file--media-fbd5e1bf-be52-454e-a769-0825758e1102\">Download<\/a><\/div>\n<\/div>\n<\/div>\n\n\n\n<h2 class=\"wp-block-heading\" id=\"lernen-sie-unser-team-kennen\">Meet Our Team<\/h2>\n\n\n\n<p>Our team is your team. When your objective is to be better, faster and more efficient, you need the best people driving your vision forward. You need people who know the needs of your business, who know how to optimize your workflow, who are outstanding experts in their field of work. You need our experts of the Waterjet Production Academy.<\/p>\n\n\n\n<div style=\"height:20px\" aria-hidden=\"true\" class=\"wp-block-spacer\"><\/div>\n\n\n\n<div class=\"wp-block-columns is-layout-flex wp-container-core-columns-is-layout-28f84493 wp-block-columns-is-layout-flex\">\n<div class=\"wp-block-column is-layout-flow wp-block-column-is-layout-flow\"><\/div>\n<\/div>\n\n\n\n<div style=\"height:100px\" aria-hidden=\"true\" class=\"wp-block-spacer\"><\/div>\n\n\n\n<h2 class=\"wp-block-heading\" id=\"sie-sind-herzlich-willkommen\">You are very welcome.<\/h2>\n\n\n\n<p>We are located on the industrial park \u201cAm Roten Turm\u201d in Karlsruhe (Germany).\n180 years ago there was a textile factory here, which was almost completely destroyed during the 2nd World War. In the factory, old rags and clothes were recycled and made available to the consumer as shoddy wool. The factory was \u2013 like our company today \u2013 a pioneer in the field of sustainable use of resources. After the end of the war, the old factory site was gradually converted into the industrial park that still exists today.\nThe red tower, the landmark of the industrial park, is located in the immediate vicinity. Another building known beyond the boundaries of the industrial park is the \u201cKesselhaus\u201d, which was converted into a renowned restaurant as part of the preservation of historical monuments. The restaurant was awarded a Michelin star at the end of 2014.<\/p>","protected":false},"excerpt":{"rendered":"<p>Was uns auszeichnet: Kundenn\u00e4he Unser Team steht Ihnen jederzeit zur Verf\u00fcgung und bietet Ihnen L\u00f6sungsvorschl\u00e4ge f\u00fcr Ihre individuellen Anforderungen. Die N\u00e4he zu unseren Kunden ist das Geheimnis f\u00fcr unseren Unternehmenserfolg. Deshalb messen wir unseren Erfolg an der Zufriedenheit unserer Kunden, denen wir eine Partnerschaft auf Augenh\u00f6he anbieten. Kompetenz Die zuverl\u00e4ssige Kommunikation mit unseren Kunden erm\u00f6glicht [&hellip;]<\/p>\n","protected":false},"author":2,"featured_media":0,"parent":0,"menu_order":0,"comment_status":"closed","ping_status":"closed","template":"","meta":{"ghostkit_customizer_options":"","ghostkit_custom_css":"","ghostkit_custom_js_head":"","ghostkit_custom_js_foot":"","ghostkit_typography":"","site-sidebar-layout":"default","site-content-layout":"plain-container","ast-site-content-layout":"normal-width-container","site-content-style":"unboxed","site-sidebar-style":"unboxed","ast-global-header-display":"","ast-banner-title-visibility":"","ast-main-header-display":"","ast-hfb-above-header-display":"","ast-hfb-below-header-display":"","ast-hfb-mobile-header-display":"","site-post-title":"disabled","ast-breadcrumbs-content":"","ast-featured-img":"disabled","footer-sml-layout":"","ast-disable-related-posts":"","theme-transparent-header-meta":"default","adv-header-id-meta":"","stick-header-meta":"default","header-above-stick-meta":"","header-main-stick-meta":"","header-below-stick-meta":"","astra-migrate-meta-layouts":"set","ast-page-background-enabled":"default","ast-page-background-meta":{"desktop":{"background-color":"","background-image":"","background-repeat":"repeat","background-position":"center center","background-size":"auto","background-attachment":"scroll","background-type":"","background-media":"","overlay-type":"","overlay-color":"","overlay-opacity":"","overlay-gradient":""},"tablet":{"background-color":"","background-image":"","background-repeat":"repeat","background-position":"center center","background-size":"auto","background-attachment":"scroll","background-type":"","background-media":"","overlay-type":"","overlay-color":"","overlay-opacity":"","overlay-gradient":""},"mobile":{"background-color":"","background-image":"","background-repeat":"repeat","background-position":"center center","background-size":"auto","background-attachment":"scroll","background-type":"","background-media":"","overlay-type":"","overlay-color":"","overlay-opacity":"","overlay-gradient":""}},"ast-content-background-meta":{"desktop":{"background-color":"var(--ast-global-color-5)","background-image":"","background-repeat":"repeat","background-position":"center center","background-size":"auto","background-attachment":"scroll","background-type":"","background-media":"","overlay-type":"","overlay-color":"","overlay-opacity":"","overlay-gradient":""},"tablet":{"background-color":"var(--ast-global-color-5)","background-image":"","background-repeat":"repeat","background-position":"center center","background-size":"auto","background-attachment":"scroll","background-type":"","background-media":"","overlay-type":"","overlay-color":"","overlay-opacity":"","overlay-gradient":""},"mobile":{"background-color":"var(--ast-global-color-5)","background-image":"","background-repeat":"repeat","background-position":"center center","background-size":"auto","background-attachment":"scroll","background-type":"","background-media":"","overlay-type":"","overlay-color":"","overlay-opacity":"","overlay-gradient":""}},"footnotes":""},"class_list":["post-908","page","type-page","status-publish","hentry"],"acf":[],"_links":{"self":[{"href":"https:\/\/wpa-gmbh.com\/en\/wp-json\/wp\/v2\/pages\/908","targetHints":{"allow":["GET"]}}],"collection":[{"href":"https:\/\/wpa-gmbh.com\/en\/wp-json\/wp\/v2\/pages"}],"about":[{"href":"https:\/\/wpa-gmbh.com\/en\/wp-json\/wp\/v2\/types\/page"}],"author":[{"embeddable":true,"href":"https:\/\/wpa-gmbh.com\/en\/wp-json\/wp\/v2\/users\/2"}],"replies":[{"embeddable":true,"href":"https:\/\/wpa-gmbh.com\/en\/wp-json\/wp\/v2\/comments?post=908"}],"version-history":[{"count":10,"href":"https:\/\/wpa-gmbh.com\/en\/wp-json\/wp\/v2\/pages\/908\/revisions"}],"predecessor-version":[{"id":15348,"href":"https:\/\/wpa-gmbh.com\/en\/wp-json\/wp\/v2\/pages\/908\/revisions\/15348"}],"wp:attachment":[{"href":"https:\/\/wpa-gmbh.com\/en\/wp-json\/wp\/v2\/media?parent=908"}],"curies":[{"name":"wp","href":"https:\/\/api.w.org\/{rel}","templated":true}]}}