{"id":908,"date":"2020-11-03T09:03:52","date_gmt":"2020-11-03T09:03:52","guid":{"rendered":"http:\/\/wpa-gmbh.com.w01b3137.kasserver.com\/?page_id=908"},"modified":"2026-02-24T16:50:47","modified_gmt":"2026-02-24T15:50:47","slug":"ueber-uns","status":"publish","type":"page","link":"https:\/\/wpa-gmbh.com\/de\/ueber-uns\/","title":{"rendered":"\u00dcber uns"},"content":{"rendered":"\n<div style=\"height:25px\" aria-hidden=\"true\" class=\"wp-block-spacer\"><\/div>\n\n\n\n<div class=\"wp-block-media-text has-media-on-the-right is-stacked-on-mobile\" style=\"grid-template-columns:auto 23%\"><div class=\"wp-block-media-text__content\">\n<h1 class=\"wp-block-heading\" id=\"was-uns-auszeichnet\">Was uns auszeichnet:<\/h1>\n<\/div><figure class=\"wp-block-media-text__media\"><img loading=\"lazy\" decoding=\"async\" width=\"1024\" height=\"512\" src=\"https:\/\/wpa-gmbh.com\/wp-content\/uploads\/2022\/06\/ISO9001-14001-1024x512.png\" alt=\"\" class=\"wp-image-9402 size-full\" srcset=\"https:\/\/wpa-gmbh.com\/wp-content\/uploads\/2022\/06\/ISO9001-14001-1024x512.png 1024w, https:\/\/wpa-gmbh.com\/wp-content\/uploads\/2022\/06\/ISO9001-14001-300x150.png 300w, https:\/\/wpa-gmbh.com\/wp-content\/uploads\/2022\/06\/ISO9001-14001-768x384.png 768w, https:\/\/wpa-gmbh.com\/wp-content\/uploads\/2022\/06\/ISO9001-14001-1536x768.png 1536w, https:\/\/wpa-gmbh.com\/wp-content\/uploads\/2022\/06\/ISO9001-14001-2048x1024.png 2048w, https:\/\/wpa-gmbh.com\/wp-content\/uploads\/2022\/06\/ISO9001-14001-18x9.png 18w\" sizes=\"auto, (max-width: 1024px) 100vw, 1024px\" \/><\/figure><\/div>\n\n\n\n<div class=\"wp-block-columns is-layout-flex wp-container-core-columns-is-layout-28f84493 wp-block-columns-is-layout-flex\">\n<div class=\"wp-block-column is-layout-flow wp-block-column-is-layout-flow\">\n<div class=\"wp-block-columns is-layout-flex wp-container-core-columns-is-layout-28f84493 wp-block-columns-is-layout-flex\">\n<div class=\"wp-block-column is-layout-flow wp-block-column-is-layout-flow\">\n<h3 class=\"wp-block-heading\" id=\"kundennahe\">Kundenn\u00e4he<\/h3>\n\n\n\n<p>Unser Team steht Ihnen jederzeit zur Verf\u00fcgung und bietet Ihnen L\u00f6sungsvorschl\u00e4ge f\u00fcr Ihre individuellen Anforderungen. Die N\u00e4he zu unseren Kunden ist das Geheimnis f\u00fcr unseren Unternehmenserfolg. Deshalb messen wir unseren Erfolg an der Zufriedenheit unserer Kunden, denen wir eine Partnerschaft auf Augenh\u00f6he anbieten.<\/p>\n<\/div>\n\n\n\n<div class=\"wp-block-column is-layout-flow wp-block-column-is-layout-flow\">\n<h2 class=\"wp-block-heading\" id=\"kompetenz\">Kompetenz<\/h2>\n\n\n\n<p>Die zuverl\u00e4ssige Kommunikation mit unseren Kunden erm\u00f6glicht individuelle und effiziente L\u00f6sungen f\u00fcr s\u00e4mtliche Aufgaben und Probleme. Unsere Gesch\u00e4ftspartner wissen, was sie von uns erwarten d\u00fcrfen: Sie und ihre Bed\u00fcrfnisse stehen im Mittelpunkt unserer Arbeit.<\/p>\n<\/div>\n<\/div>\n\n\n\n<div class=\"wp-block-columns is-layout-flex wp-container-core-columns-is-layout-28f84493 wp-block-columns-is-layout-flex\">\n<div class=\"wp-block-column is-layout-flow wp-block-column-is-layout-flow\">\n<h3 class=\"wp-block-heading\" id=\"vertrauen\">Vertrauen<\/h3>\n\n\n\n<p>Die Erfahrung unserer Mitarbeiter \u2013 egal, ob in Sachen Soft- oder Hardware \u2013 hilft Ihnen bei der Planung, der Auswahl und Beschaffung einzelner Teile bis hin zur Montage und Inbetriebnahme von Komplettanlagen. Dazu geh\u00f6rt nat\u00fcrlich auch die Vorbereitung und Inbetriebnahme, bei der wir Ihnen mit pers\u00f6nlichen Schulungen zur Seite stehen.<\/p>\n<\/div>\n\n\n\n<div class=\"wp-block-column is-layout-flow wp-block-column-is-layout-flow\">\n<h2 class=\"wp-block-heading\" id=\"schulungsangebote\">Schulungsangebote<\/h2>\n\n\n\n<p>Profitieren Sie von dem Wissen unserer Experten! Wir bieten Ihnen eine Vielzahl an praktischen Schulungen und Weiterbildungen an, welche perfekt auf Sie zugeschnitten sind. Ganz egal, ob Sie Berufseinsteiger oder erfahrener Anwender sind \u2013 mit uns werden Sie zum Experten.<\/p>\n<\/div>\n<\/div>\n<\/div>\n<\/div>\n\n\n\n<div style=\"height:20px\" aria-hidden=\"true\" class=\"wp-block-spacer\"><\/div>\n\n\n\n<h2 class=\"wp-block-heading\" id=\"iso\">WPA &#8211; Zertifiziert nach EN ISO 9001 und EN ISO 14001<\/h2>\n\n\n\n<p>Wir freuen uns bekannt zu geben, dass die Waterjet Production Academy GmbH erfolgreich nach EN ISO 9001 und EN ISO 14001 zertifiziert wurde. Diese Zertifizierungen sind ein wichtiger Meilenstein in unserer Verpflichtung zur kontinuierlichen Verbesserung unserer Produkte und Dienstleistungen sowie zur Umweltvertr\u00e4glichkeit unserer Prozesse.<\/p>\n\n\n\n<p>Die EN ISO 9001-Zertifizierung bezieht sich auf unser Qualit\u00e4tsmanagementsystem, das sicherstellt, dass wir die Anforderungen unserer Kunden erf\u00fcllen und kontinuierlich an der Verbesserung unserer Prozesse arbeiten. Wir haben strenge interne Kontrollen implementiert, um sicherzustellen, dass alle Produkte und Dienstleistungen unseren hohen Qualit\u00e4tsstandards entsprechen.<\/p>\n\n\n\n<p>Die EN ISO 14001-Zertifizierung bezieht sich auf unser Umweltmanagementsystem, das sicherstellt, dass wir unsere Umweltauswirkungen minimieren und unsere Nachhaltigkeitsziele erreichen. Wir haben ein umfassendes Umweltmanagementsystem implementiert, das sicherstellt, dass alle Aspekte unseres Gesch\u00e4fts, einschlie\u00dflich des Energie- und Ressourcenverbrauchs, der Abfallentsorgung und des Umweltschutzes, kontrolliert und verbessert werden.<\/p>\n\n\n\n<p>Durch diese Zertifizierungen demonstrieren wir unser Engagement f\u00fcr Exzellenz in allen Bereichen unseres Gesch\u00e4fts. Wir sind stolz darauf, dass unsere Kunden sicher sein k\u00f6nnen, dass sie Produkte und Dienstleistungen von h\u00f6chster Qualit\u00e4t erhalten, w\u00e4hrend wir gleichzeitig unsere Verantwortung gegen\u00fcber der Umwelt wahrnehmen. Wir werden weiterhin hart daran arbeiten, unsere Prozesse zu verbessern und unsere Nachhaltigkeitsziele zu erreichen, um die Zufriedenheit unserer Kunden und den Schutz unserer Umwelt zu gew\u00e4hrleisten.<\/p>\n\n\n\n<div class=\"wp-block-columns is-layout-flex wp-container-core-columns-is-layout-28f84493 wp-block-columns-is-layout-flex\">\n<div class=\"wp-block-column is-layout-flow wp-block-column-is-layout-flow\">\n<div class=\"wp-block-file\"><a id=\"wp-block-file--media-737bf6fb-2514-4fab-bc6b-c4439c90b7ff\" href=\"https:\/\/wpa-gmbh.com\/wp-content\/uploads\/2026\/02\/Certificate-ISO-9001_Waterjet-Production-Academy-GmbH_en.pdf\">Certificate ISO 9001_Waterjet Production Academy GmbH_en<\/a><a href=\"https:\/\/wpa-gmbh.com\/wp-content\/uploads\/2026\/02\/Certificate-ISO-9001_Waterjet-Production-Academy-GmbH_en.pdf\" class=\"wp-block-file__button wp-element-button\" download aria-describedby=\"wp-block-file--media-737bf6fb-2514-4fab-bc6b-c4439c90b7ff\">Herunterladen<\/a><\/div>\n<\/div>\n\n\n\n<div class=\"wp-block-column is-layout-flow wp-block-column-is-layout-flow\">\n<div class=\"wp-block-file\"><a id=\"wp-block-file--media-fbd5e1bf-be52-454e-a769-0825758e1102\" href=\"https:\/\/wpa-gmbh.com\/wp-content\/uploads\/2026\/02\/Certificate-ISO-14001_Waterjet-Production-Academy-GmbH_en.pdf\">Certificate ISO 14001_Waterjet Production Academy GmbH_en<\/a><a href=\"https:\/\/wpa-gmbh.com\/wp-content\/uploads\/2026\/02\/Certificate-ISO-14001_Waterjet-Production-Academy-GmbH_en.pdf\" class=\"wp-block-file__button wp-element-button\" download aria-describedby=\"wp-block-file--media-fbd5e1bf-be52-454e-a769-0825758e1102\">Herunterladen<\/a><\/div>\n<\/div>\n<\/div>\n\n\n\n<h2 class=\"wp-block-heading\" id=\"lernen-sie-unser-team-kennen\">Lernen Sie unser Team kennen<\/h2>\n\n\n\n<p>Unser Team ist Ihr Team. Wenn Ihr Ziel darin besteht, besser, schneller und effizienter zu sein, brauchen Sie die richtigen Ansprechpartner, die Ihre Vision vorantreiben. Sie brauchen Menschen, die die Bed\u00fcrfnisse Ihres Unternehmens kennen, die wissen, wie Sie Ihre Arbeitsabl\u00e4ufe optimieren k\u00f6nnen, die hervorragende Experten auf ihrem Arbeitsgebiet sind. Sie brauchen unsere Experten der Waterjet Production Academy.<\/p>\n\n\n\n<div style=\"height:20px\" aria-hidden=\"true\" class=\"wp-block-spacer\"><\/div>\n\n\n\n<div class=\"wp-block-columns is-layout-flex wp-container-core-columns-is-layout-28f84493 wp-block-columns-is-layout-flex\">\n<div class=\"wp-block-column is-layout-flow wp-block-column-is-layout-flow\"><\/div>\n<\/div>\n\n\n\n<div style=\"height:100px\" aria-hidden=\"true\" class=\"wp-block-spacer\"><\/div>\n\n\n\n<h2 class=\"wp-block-heading\" id=\"sie-sind-herzlich-willkommen\">Sie sind herzlich willkommen.<\/h2>\n\n\n\n<p>Wir befinden uns im Industriegebiet &#8222;Am Roten Turm&#8220; in Karlsruhe (Deutschland). Vor 180 Jahren gab es hier eine Textilfabrik, die im 2. Weltkrieg fast vollst\u00e4ndig zerst\u00f6rt wurde. In der Fabrik wurden alte Lumpen und Kleidung recycelt und dem Verbraucher als Schurwolle zur Verf\u00fcgung gestellt. Die Fabrik war &#8211; wie unser Unternehmen heute &#8211; ein Pionier auf dem Gebiet der nachhaltigen Nutzung von Ressourcen. Nach Kriegsende wurde das alte Fabrikgel\u00e4nde schrittweise in den noch heute bestehenden Industriepark umgewandelt. In unmittelbarer N\u00e4he befindet sich der rote Turm, das Wahrzeichen des Industrieparks. Ein weiteres \u00fcber die Grenzen des Industrieparks hinaus bekanntes Geb\u00e4ude ist das &#8222;Kesselhaus&#8220;, das im Rahmen der Denkmalpflege zu einem renommierten Restaurant umgebaut wurde. Ende 2014 wurde das Restaurant mit einem Michelin-Stern ausgezeichnet.<\/p>\n","protected":false},"excerpt":{"rendered":"<p>Was uns auszeichnet: Kundenn\u00e4he Unser Team steht Ihnen jederzeit zur Verf\u00fcgung und bietet Ihnen L\u00f6sungsvorschl\u00e4ge f\u00fcr Ihre individuellen Anforderungen. Die N\u00e4he zu unseren Kunden ist das Geheimnis f\u00fcr unseren Unternehmenserfolg. Deshalb messen wir unseren Erfolg an der Zufriedenheit unserer Kunden, denen wir eine Partnerschaft auf Augenh\u00f6he anbieten. Kompetenz Die zuverl\u00e4ssige Kommunikation mit unseren Kunden erm\u00f6glicht [&hellip;]<\/p>\n","protected":false},"author":2,"featured_media":0,"parent":0,"menu_order":0,"comment_status":"closed","ping_status":"closed","template":"","meta":{"ghostkit_customizer_options":"","ghostkit_custom_css":"","ghostkit_custom_js_head":"","ghostkit_custom_js_foot":"","ghostkit_typography":"","site-sidebar-layout":"default","site-content-layout":"plain-container","ast-site-content-layout":"normal-width-container","site-content-style":"unboxed","site-sidebar-style":"unboxed","ast-global-header-display":"","ast-banner-title-visibility":"","ast-main-header-display":"","ast-hfb-above-header-display":"","ast-hfb-below-header-display":"","ast-hfb-mobile-header-display":"","site-post-title":"disabled","ast-breadcrumbs-content":"","ast-featured-img":"disabled","footer-sml-layout":"","ast-disable-related-posts":"","theme-transparent-header-meta":"default","adv-header-id-meta":"","stick-header-meta":"default","header-above-stick-meta":"","header-main-stick-meta":"","header-below-stick-meta":"","astra-migrate-meta-layouts":"set","ast-page-background-enabled":"default","ast-page-background-meta":{"desktop":{"background-color":"","background-image":"","background-repeat":"repeat","background-position":"center center","background-size":"auto","background-attachment":"scroll","background-type":"","background-media":"","overlay-type":"","overlay-color":"","overlay-opacity":"","overlay-gradient":""},"tablet":{"background-color":"","background-image":"","background-repeat":"repeat","background-position":"center center","background-size":"auto","background-attachment":"scroll","background-type":"","background-media":"","overlay-type":"","overlay-color":"","overlay-opacity":"","overlay-gradient":""},"mobile":{"background-color":"","background-image":"","background-repeat":"repeat","background-position":"center center","background-size":"auto","background-attachment":"scroll","background-type":"","background-media":"","overlay-type":"","overlay-color":"","overlay-opacity":"","overlay-gradient":""}},"ast-content-background-meta":{"desktop":{"background-color":"var(--ast-global-color-5)","background-image":"","background-repeat":"repeat","background-position":"center center","background-size":"auto","background-attachment":"scroll","background-type":"","background-media":"","overlay-type":"","overlay-color":"","overlay-opacity":"","overlay-gradient":""},"tablet":{"background-color":"var(--ast-global-color-5)","background-image":"","background-repeat":"repeat","background-position":"center center","background-size":"auto","background-attachment":"scroll","background-type":"","background-media":"","overlay-type":"","overlay-color":"","overlay-opacity":"","overlay-gradient":""},"mobile":{"background-color":"var(--ast-global-color-5)","background-image":"","background-repeat":"repeat","background-position":"center center","background-size":"auto","background-attachment":"scroll","background-type":"","background-media":"","overlay-type":"","overlay-color":"","overlay-opacity":"","overlay-gradient":""}},"footnotes":""},"class_list":["post-908","page","type-page","status-publish","hentry"],"acf":[],"_links":{"self":[{"href":"https:\/\/wpa-gmbh.com\/de\/wp-json\/wp\/v2\/pages\/908","targetHints":{"allow":["GET"]}}],"collection":[{"href":"https:\/\/wpa-gmbh.com\/de\/wp-json\/wp\/v2\/pages"}],"about":[{"href":"https:\/\/wpa-gmbh.com\/de\/wp-json\/wp\/v2\/types\/page"}],"author":[{"embeddable":true,"href":"https:\/\/wpa-gmbh.com\/de\/wp-json\/wp\/v2\/users\/2"}],"replies":[{"embeddable":true,"href":"https:\/\/wpa-gmbh.com\/de\/wp-json\/wp\/v2\/comments?post=908"}],"version-history":[{"count":10,"href":"https:\/\/wpa-gmbh.com\/de\/wp-json\/wp\/v2\/pages\/908\/revisions"}],"predecessor-version":[{"id":15348,"href":"https:\/\/wpa-gmbh.com\/de\/wp-json\/wp\/v2\/pages\/908\/revisions\/15348"}],"wp:attachment":[{"href":"https:\/\/wpa-gmbh.com\/de\/wp-json\/wp\/v2\/media?parent=908"}],"curies":[{"name":"wp","href":"https:\/\/api.w.org\/{rel}","templated":true}]}}