{"id":100,"date":"2020-08-20T10:30:56","date_gmt":"2020-08-20T10:30:56","guid":{"rendered":"http:\/\/wpa-gmbh.com.w01b3137.kasserver.com\/?page_id=100"},"modified":"2026-02-24T16:37:41","modified_gmt":"2026-02-24T15:37:41","slug":"home","status":"publish","type":"page","link":"https:\/\/wpa-gmbh.com\/de\/","title":{"rendered":"Home"},"content":{"rendered":"\n<div class=\"wp-block-columns is-layout-flex wp-container-core-columns-is-layout-28f84493 wp-block-columns-is-layout-flex\">\n<div class=\"wp-block-column is-layout-flow wp-block-column-is-layout-flow\" style=\"flex-basis:80%\">\n<div class=\"ghostkit-carousel\" data-effect=\"slide\" data-speed=\"0.4\" data-autoplay=\"5\" data-slides-per-view=\"1\" data-centered-slides=\"true\" data-loop=\"true\" data-free-scroll=\"false\" data-show-arrows=\"true\" data-show-bullets=\"false\" data-dynamic-bullets=\"true\" data-gap=\"0\"><div class=\"ghostkit-carousel-items\">\n<div class=\"ghostkit-carousel-slide is-layout-flow wp-block-ghostkit-carousel-slide-is-layout-flow\">\n<div class=\"wp-block-cover is-light\"><img loading=\"lazy\" decoding=\"async\" width=\"1024\" height=\"576\" class=\"wp-block-cover__image-background wp-image-15296 size-large\" alt=\"\" src=\"https:\/\/wpa-gmbh.com\/wp-content\/uploads\/2026\/02\/Tekni-Cut-Up-J-G-T5-1-1024x576.webp\" data-object-fit=\"cover\" srcset=\"https:\/\/wpa-gmbh.com\/wp-content\/uploads\/2026\/02\/Tekni-Cut-Up-J-G-T5-1-1024x576.webp 1024w, https:\/\/wpa-gmbh.com\/wp-content\/uploads\/2026\/02\/Tekni-Cut-Up-J-G-T5-1-300x169.webp 300w, https:\/\/wpa-gmbh.com\/wp-content\/uploads\/2026\/02\/Tekni-Cut-Up-J-G-T5-1-768x432.webp 768w, https:\/\/wpa-gmbh.com\/wp-content\/uploads\/2026\/02\/Tekni-Cut-Up-J-G-T5-1-1536x864.webp 1536w, https:\/\/wpa-gmbh.com\/wp-content\/uploads\/2026\/02\/Tekni-Cut-Up-J-G-T5-1-18x10.webp 18w, https:\/\/wpa-gmbh.com\/wp-content\/uploads\/2026\/02\/Tekni-Cut-Up-J-G-T5-1.webp 1920w\" sizes=\"auto, (max-width: 1024px) 100vw, 1024px\" \/><span aria-hidden=\"true\" class=\"wp-block-cover__background has-background-dim\" style=\"background-color:#959796\"><\/span><div class=\"wp-block-cover__inner-container is-layout-flow wp-block-cover-is-layout-flow\">\n<h3 class=\"wp-block-heading has-text-align-center has-ast-global-color-5-color has-text-color\" id=\"techniwaterjet-euwasserstrahlschneidemaschinen\">techniwaterjet.eu<br>Wasserstrahlschneidemaschinen<\/h3>\n\n\n\n<p class=\"has-text-align-center has-ast-global-color-5-color has-text-color\">Innovation aus Leidenschaft<br>Wasserstrahlschneiden auf Spitzenniveau<\/p>\n\n\n\n<div class=\"wp-block-buttons is-horizontal is-content-justification-center is-layout-flex wp-container-core-buttons-is-layout-03627597 wp-block-buttons-is-layout-flex\">\n<div class=\"wp-block-button\"><a class=\"wp-block-button__link wp-element-button\" href=\"http:\/\/techniwaterjet.eu\" rel=\"noopener\">Finden Sie Ihre neue Maschine<\/a><\/div>\n<\/div>\n<\/div><\/div>\n<\/div>\n\n\n\n<div class=\"ghostkit-carousel-slide is-layout-flow wp-block-ghostkit-carousel-slide-is-layout-flow\">\n<div class=\"wp-block-cover is-light\"><img loading=\"lazy\" decoding=\"async\" width=\"1980\" height=\"1080\" class=\"wp-block-cover__image-background wp-image-9248\" alt=\"\" src=\"http:\/\/wpa-gmbh.com\/wp-content\/uploads\/2021\/07\/start_shop_hell.jpg\" data-object-fit=\"cover\" srcset=\"https:\/\/wpa-gmbh.com\/wp-content\/uploads\/2021\/07\/start_shop_hell.jpg 1980w, https:\/\/wpa-gmbh.com\/wp-content\/uploads\/2021\/07\/start_shop_hell-300x164.jpg 300w, https:\/\/wpa-gmbh.com\/wp-content\/uploads\/2021\/07\/start_shop_hell-1024x559.jpg 1024w, https:\/\/wpa-gmbh.com\/wp-content\/uploads\/2021\/07\/start_shop_hell-768x419.jpg 768w, https:\/\/wpa-gmbh.com\/wp-content\/uploads\/2021\/07\/start_shop_hell-1536x838.jpg 1536w, https:\/\/wpa-gmbh.com\/wp-content\/uploads\/2021\/07\/start_shop_hell-18x10.jpg 18w\" sizes=\"auto, (max-width: 1980px) 100vw, 1980px\" \/><span aria-hidden=\"true\" class=\"wp-block-cover__background has-background-dim\"><\/span><div class=\"wp-block-cover__inner-container is-layout-flow wp-block-cover-is-layout-flow\">\n<h3 class=\"wp-block-heading has-text-align-center has-ast-global-color-5-color has-text-color\" id=\"wpa-shop-comwasserstrahl-ersatzteile\">wpa-shop.com<br>Wasserstrahl-Ersatzteile<\/h3>\n\n\n\n<div class=\"wp-block-buttons is-horizontal is-content-justification-center is-layout-flex wp-container-core-buttons-is-layout-03627597 wp-block-buttons-is-layout-flex\">\n<div class=\"wp-block-button\"><a class=\"wp-block-button__link wp-element-button\" href=\"https:\/\/wpa-shop.com\/de\/\" rel=\"noopener\">Finden Sie die passenden Teile<\/a><\/div>\n<\/div>\n<\/div><\/div>\n<\/div>\n\n\n\n<div class=\"ghostkit-carousel-slide is-layout-flow wp-block-ghostkit-carousel-slide-is-layout-flow\">\n<div class=\"wp-block-cover is-light\"><video class=\"wp-block-cover__video-background intrinsic-ignore\" autoplay muted loop playsinline src=\"https:\/\/wpa-gmbh.com\/wp-content\/uploads\/2022\/01\/Cutting_Header.mp4\" data-object-fit=\"cover\"><\/video><span aria-hidden=\"true\" class=\"wp-block-cover__background has-background-dim\"><\/span><div class=\"wp-block-cover__inner-container is-layout-flow wp-block-cover-is-layout-flow\">\n<h2 class=\"wp-block-heading has-text-align-center has-ast-global-color-5-color has-text-color\" id=\"wpa-cutting-comwir-schneiden-alles\">wpa-cutting.com<br>Wir schneiden alles!<\/h2>\n\n\n\n<div class=\"wp-block-buttons is-horizontal is-content-justification-center is-layout-flex wp-container-core-buttons-is-layout-03627597 wp-block-buttons-is-layout-flex\">\n<div class=\"wp-block-button\"><a class=\"wp-block-button__link wp-element-button\" href=\"https:\/\/wpa-cutting.com\/de\/\" rel=\"noopener\">Mehr \u00fcber unsere M\u00f6glichkeiten erfahren<\/a><\/div>\n<\/div>\n<\/div><\/div>\n<\/div>\n\n\n\n<div class=\"ghostkit-carousel-slide is-layout-flow wp-block-ghostkit-carousel-slide-is-layout-flow\">\n<div class=\"wp-block-cover is-light\"><img loading=\"lazy\" decoding=\"async\" width=\"1918\" height=\"1080\" class=\"wp-block-cover__image-background wp-image-8987\" alt=\"\" src=\"https:\/\/wpa-gmbh.com\/wp-content\/uploads\/2020\/12\/P1088288.jpg\" data-object-fit=\"cover\" srcset=\"https:\/\/wpa-gmbh.com\/wp-content\/uploads\/2020\/12\/P1088288.jpg 1918w, https:\/\/wpa-gmbh.com\/wp-content\/uploads\/2020\/12\/P1088288-300x169.jpg 300w, https:\/\/wpa-gmbh.com\/wp-content\/uploads\/2020\/12\/P1088288-1024x577.jpg 1024w, https:\/\/wpa-gmbh.com\/wp-content\/uploads\/2020\/12\/P1088288-768x432.jpg 768w, https:\/\/wpa-gmbh.com\/wp-content\/uploads\/2020\/12\/P1088288-1536x865.jpg 1536w, https:\/\/wpa-gmbh.com\/wp-content\/uploads\/2020\/12\/P1088288-16x9.jpg 16w\" sizes=\"auto, (max-width: 1918px) 100vw, 1918px\" \/><span aria-hidden=\"true\" class=\"wp-block-cover__background has-background-dim\"><\/span><div class=\"wp-block-cover__inner-container is-layout-flow wp-block-cover-is-layout-flow\">\n<h2 class=\"wp-block-heading has-text-align-center has-ast-global-color-5-color has-text-color\" id=\"wpa-water-treatment-comwasseraufbereitung-der-spitzenklasse\">wpa-water-treatment.com<br>Wasseraufbereitung der Spitzenklasse<\/h2>\n\n\n\n<div class=\"wp-block-buttons is-horizontal is-content-justification-center is-layout-flex wp-container-core-buttons-is-layout-03627597 wp-block-buttons-is-layout-flex\">\n<div class=\"wp-block-button\"><a class=\"wp-block-button__link wp-element-button\" href=\"https:\/\/wpa-water-treatment.com\/de\/\" rel=\"noopener\">Wasseraufbereitung f\u00fcr Ihre Anlagen<\/a><\/div>\n<\/div>\n<\/div><\/div>\n<\/div>\n\n\n\n<div class=\"ghostkit-carousel-slide is-layout-flow wp-block-ghostkit-carousel-slide-is-layout-flow\">\n<div class=\"wp-block-cover is-light\"><video class=\"wp-block-cover__video-background intrinsic-ignore\" autoplay muted loop playsinline src=\"https:\/\/wpa-gmbh.com\/wp-content\/uploads\/2022\/01\/Header_Video.mp4\" data-object-fit=\"cover\"><\/video><span aria-hidden=\"true\" class=\"wp-block-cover__background has-background-dim\"><\/span><div class=\"wp-block-cover__inner-container is-layout-flow wp-block-cover-is-layout-flow\">\n<h2 class=\"wp-block-heading has-text-align-center has-ast-global-color-5-color has-text-color\" id=\"wpa-products-comprodukte-rund-um-das-wasserstrahlschneiden\">wpa-products.com<br>Produkte rund um das Wasserstrahlschneiden<\/h2>\n\n\n\n<div class=\"wp-block-buttons is-horizontal is-content-justification-center is-layout-flex wp-container-core-buttons-is-layout-03627597 wp-block-buttons-is-layout-flex\">\n<div class=\"wp-block-button\"><a class=\"wp-block-button__link wp-element-button\" href=\"https:\/\/wpa-products.com\/de\/\" rel=\"noopener\">Perfektionieren Sie Ihren Workflow<\/a><\/div>\n<\/div>\n<\/div><\/div>\n<\/div>\n\n\n\n<div class=\"ghostkit-carousel-slide is-layout-flow wp-block-ghostkit-carousel-slide-is-layout-flow\">\n<div class=\"wp-block-cover is-light\"><img loading=\"lazy\" decoding=\"async\" width=\"1980\" height=\"1080\" class=\"wp-block-cover__image-background wp-image-9248\" alt=\"\" src=\"http:\/\/wpa-gmbh.com\/wp-content\/uploads\/2021\/07\/start_shop_hell.jpg\" data-object-fit=\"cover\" srcset=\"https:\/\/wpa-gmbh.com\/wp-content\/uploads\/2021\/07\/start_shop_hell.jpg 1980w, https:\/\/wpa-gmbh.com\/wp-content\/uploads\/2021\/07\/start_shop_hell-300x164.jpg 300w, https:\/\/wpa-gmbh.com\/wp-content\/uploads\/2021\/07\/start_shop_hell-1024x559.jpg 1024w, https:\/\/wpa-gmbh.com\/wp-content\/uploads\/2021\/07\/start_shop_hell-768x419.jpg 768w, https:\/\/wpa-gmbh.com\/wp-content\/uploads\/2021\/07\/start_shop_hell-1536x838.jpg 1536w, https:\/\/wpa-gmbh.com\/wp-content\/uploads\/2021\/07\/start_shop_hell-18x10.jpg 18w\" sizes=\"auto, (max-width: 1980px) 100vw, 1980px\" \/><span aria-hidden=\"true\" class=\"wp-block-cover__background has-background-dim\"><\/span><div class=\"wp-block-cover__inner-container is-layout-flow wp-block-cover-is-layout-flow\">\n<h3 class=\"wp-block-heading has-text-align-center has-ast-global-color-5-color has-text-color\" id=\"wpa-service-comunsere-service-fur-ihre-wasserstrahlschneideanlagen\">wpa-service.com<br>Unsere Service f\u00fcr Ihre Wasserstrahlschneideanlagen<\/h3>\n\n\n\n<div class=\"wp-block-buttons is-horizontal is-content-justification-center is-layout-flex wp-container-core-buttons-is-layout-03627597 wp-block-buttons-is-layout-flex\">\n<div class=\"wp-block-button\"><a class=\"wp-block-button__link wp-element-button\" href=\"https:\/\/wpa-service.com\/de\/\" rel=\"noopener\">Schneller Service &#8211; Unsere Leistungen<\/a><\/div>\n<\/div>\n<\/div><\/div>\n<\/div>\n\n\n\n<div class=\"ghostkit-carousel-slide is-layout-flow wp-block-ghostkit-carousel-slide-is-layout-flow\">\n<div class=\"wp-block-cover is-light\"><video class=\"wp-block-cover__video-background intrinsic-ignore\" autoplay muted loop playsinline src=\"https:\/\/wpa-gmbh.com\/wp-content\/uploads\/2021\/07\/training-1.mp4\" data-object-fit=\"cover\"><\/video><span aria-hidden=\"true\" class=\"wp-block-cover__background has-background-dim\"><\/span><div class=\"wp-block-cover__inner-container is-layout-flow wp-block-cover-is-layout-flow\">\n<h2 class=\"wp-block-heading has-text-align-center has-ast-global-color-5-color has-text-color\" id=\"wpa-training-comschulungen-rund-um-wasserstrahlanlagen-fur-anfanger-und-profis\">wpa-training.com<br>Schulungen rund um Wasserstrahlanlagen.<br>F\u00fcr Anf\u00e4nger und Profis.<\/h2>\n\n\n\n<div class=\"wp-block-buttons is-horizontal is-content-justification-center is-layout-flex wp-container-core-buttons-is-layout-03627597 wp-block-buttons-is-layout-flex\">\n<div class=\"wp-block-button\"><a class=\"wp-block-button__link wp-element-button\" href=\"https:\/\/wpa-training.com\/de\/\" rel=\"noopener\">Werden Sie zum Wasserstrahl Experten<\/a><\/div>\n<\/div>\n<\/div><\/div>\n<\/div>\n<\/div><div class=\"ghostkit-carousel-arrow-prev-icon\"><svg class=\"ghostkit-svg-icon\" width=\"24\" height=\"24\" viewBox=\"0 0 24 24\" fill=\"none\" xmlns=\"http:\/\/www.w3.org\/2000\/svg\"><path fill-rule=\"evenodd\" clip-rule=\"evenodd\" d=\"M14.7803 17.7803C14.4874 18.0732 14.0126 18.0732 13.7197 17.7803L8.4697 12.5303C8.1768 12.2374 8.1768 11.7626 8.4697 11.4697L13.7197 6.21967C14.0126 5.92678 14.4874 5.92678 14.7803 6.21967C15.0732 6.51256 15.0732 6.98744 14.7803 7.28033L10.0607 12L14.7803 16.7197C15.0732 17.0126 15.0732 17.4874 14.7803 17.7803Z\" fill=\"currentColor\"\/><\/svg><\/div><div class=\"ghostkit-carousel-arrow-next-icon\"><svg class=\"ghostkit-svg-icon\" width=\"24\" height=\"24\" viewBox=\"0 0 24 24\" fill=\"none\" xmlns=\"http:\/\/www.w3.org\/2000\/svg\"><path fill-rule=\"evenodd\" clip-rule=\"evenodd\" d=\"M9.21967 6.2197C9.51256 5.9268 9.98744 5.9268 10.2803 6.2197L15.5303 11.4697C15.8232 11.7626 15.8232 12.2374 15.5303 12.5303L10.2803 17.7803C9.98744 18.0732 9.51256 18.0732 9.21967 17.7803C8.92678 17.4874 8.92678 17.0126 9.21967 16.7197L13.9393 12L9.21967 7.2803C8.92678 6.9874 8.92678 6.5126 9.21967 6.2197Z\" fill=\"currentColor\"\/><\/svg><\/div><\/div>\n<\/div>\n\n\n\n<div class=\"wp-block-column is-layout-flow wp-block-column-is-layout-flow\" style=\"flex-basis:20%\">\n<h2 class=\"wp-block-heading\" id=\"news\">News<\/h2>\n\n\n<ul class=\"wp-block-latest-posts__list has-dates wp-block-latest-posts\"><li><a class=\"wp-block-latest-posts__post-title\" href=\"https:\/\/wpa-gmbh.com\/de\/wie-man-das-wasserstrahlschneiden-optimiert\/\">Wie man das Wasserstrahlschneiden optimiert<\/a><time datetime=\"2024-04-16T14:18:57+01:00\" class=\"wp-block-latest-posts__post-date\">April 16, 2024<\/time><\/li>\n<li><a class=\"wp-block-latest-posts__post-title\" href=\"https:\/\/wpa-gmbh.com\/de\/how-to-optimize-waterjet-cutting\/\">How to optimize waterjet cutting<\/a><time datetime=\"2024-04-16T13:52:32+01:00\" class=\"wp-block-latest-posts__post-date\">April 16, 2024<\/time><\/li>\n<li><a class=\"wp-block-latest-posts__post-title\" href=\"https:\/\/wpa-gmbh.com\/de\/staat-bezuschusst-wasserstrahlschneiden\/\">Wie neue Wasserstrahlschneidtechnologie vom Staat gef\u00f6rdert wird<\/a><time datetime=\"2024-03-25T07:40:00+01:00\" class=\"wp-block-latest-posts__post-date\">M\u00e4rz 25, 2024<\/time><\/li>\n<\/ul>\n\n\n<hr class=\"wp-block-separator has-css-opacity alignfull\"\/>\n<\/div>\n<\/div>\n\n\n\n<div class=\"cards cards-compact\">\n  \n              <a href=\"https:\/\/techniwaterjet.eu\" rel=\"noopener\">        <div class=\"card \"  >\n                <div class=\"card-image-container \">\n                                    <img decoding=\"async\" class=\"card-background\" src=\"https:\/\/wpa-gmbh.com\/wp-content\/uploads\/2026\/02\/Tekni-Cut-Up-J-G-T5-1-300x169.webp\">\n                      <\/div>\n                    <div class=\"text-container\">\n            <h3 class=\"card-title\"><b>Maschinen<\/b><\/h3>\n                          <div class=\"card-button\"> techniwaterjet.eu <i class=\"fas fa-arrow-right\"><\/i><\/div>\n                      <\/div>\n        <\/div>\n        <\/a>\n              <a href=\"https:\/\/wpa-shop.com\" rel=\"noopener\">        <div class=\"card \"  >\n                <div class=\"card-image-container \">\n                                    <img decoding=\"async\" class=\"card-background\" src=\"https:\/\/wpa-gmbh.com\/wp-content\/uploads\/2020\/10\/shop-startseite-300x164.jpg\">\n                      <\/div>\n                    <div class=\"text-container\">\n            <h3 class=\"card-title\"><b>Webshop<\/b><\/h3>\n                          <div class=\"card-button\"> wpa-shop.com <i class=\"fas fa-arrow-right\"><\/i><\/div>\n                      <\/div>\n        <\/div>\n        <\/a>\n              <a href=\"https:\/\/wpa-cutting.com\" rel=\"noopener\">        <div class=\"card \"  >\n                <div class=\"card-image-container \">\n                                    <img decoding=\"async\" class=\"card-background\" src=\"https:\/\/wpa-gmbh.com\/wp-content\/uploads\/2020\/10\/wpa-cutting-start-image-300x168.jpg\">\n                      <\/div>\n                    <div class=\"text-container\">\n            <h3 class=\"card-title\"><b>Schneiden<\/b><\/h3>\n                          <div class=\"card-button\"> wpa-cutting.com <i class=\"fas fa-arrow-right\"><\/i><\/div>\n                      <\/div>\n        <\/div>\n        <\/a>\n      \n  \n<\/div>\n\n\n\n<div style=\"height:20px\" aria-hidden=\"true\" class=\"wp-block-spacer\"><\/div>\n\n\n\n<div class=\"wp-block-columns is-layout-flex wp-container-core-columns-is-layout-28f84493 wp-block-columns-is-layout-flex\">\n<div class=\"wp-block-column is-layout-flow wp-block-column-is-layout-flow\" style=\"flex-basis:66.66%\">\n<h2 class=\"wp-block-heading\" id=\"uber-wpa\">\u00dcber WPA<\/h2>\n\n\n\n<p>Mit 20 Jahren Erfahrung in der Wasserstrahlindustrie bietet unser Team fachliche und technische Expertise durch individuelle Beratung, ma\u00dfgeschneiderte Trainingsm\u00f6glichkeiten und innovative Produkte. Mit unseren Dienstleistungen optimieren Sie Produktionsprozesse, erh\u00f6hen die Nachhaltigkeit Ihrer Produktion und senken mittel- und langfristige Kosten. Gemeinsam mit Ihnen entwickeln und realisieren wir innovative L\u00f6sungen.<\/p>\n<\/div>\n<\/div>\n\n\n\n<p><\/p>\n","protected":false},"excerpt":{"rendered":"<p>News \u00dcber WPA Mit 20 Jahren Erfahrung in der Wasserstrahlindustrie bietet unser Team fachliche und technische Expertise durch individuelle Beratung, ma\u00dfgeschneiderte Trainingsm\u00f6glichkeiten und innovative Produkte. Mit unseren Dienstleistungen optimieren Sie Produktionsprozesse, erh\u00f6hen die Nachhaltigkeit Ihrer Produktion und senken mittel- und langfristige Kosten. Gemeinsam mit Ihnen entwickeln und realisieren wir innovative L\u00f6sungen.<\/p>\n","protected":false},"author":2,"featured_media":0,"parent":0,"menu_order":0,"comment_status":"closed","ping_status":"closed","template":"","meta":{"ghostkit_customizer_options":"","ghostkit_custom_css":"","ghostkit_custom_js_head":"","ghostkit_custom_js_foot":"","ghostkit_typography":"","site-sidebar-layout":"default","site-content-layout":"plain-container","ast-site-content-layout":"normal-width-container","site-content-style":"unboxed","site-sidebar-style":"unboxed","ast-global-header-display":"","ast-banner-title-visibility":"","ast-main-header-display":"","ast-hfb-above-header-display":"","ast-hfb-below-header-display":"","ast-hfb-mobile-header-display":"","site-post-title":"disabled","ast-breadcrumbs-content":"","ast-featured-img":"","footer-sml-layout":"","ast-disable-related-posts":"","theme-transparent-header-meta":"default","adv-header-id-meta":"","stick-header-meta":"default","header-above-stick-meta":"","header-main-stick-meta":"","header-below-stick-meta":"","astra-migrate-meta-layouts":"set","ast-page-background-enabled":"default","ast-page-background-meta":{"desktop":{"background-color":"","background-image":"","background-repeat":"repeat","background-position":"center center","background-size":"auto","background-attachment":"scroll","background-type":"","background-media":"","overlay-type":"","overlay-color":"","overlay-opacity":"","overlay-gradient":""},"tablet":{"background-color":"","background-image":"","background-repeat":"repeat","background-position":"center center","background-size":"auto","background-attachment":"scroll","background-type":"","background-media":"","overlay-type":"","overlay-color":"","overlay-opacity":"","overlay-gradient":""},"mobile":{"background-color":"","background-image":"","background-repeat":"repeat","background-position":"center center","background-size":"auto","background-attachment":"scroll","background-type":"","background-media":"","overlay-type":"","overlay-color":"","overlay-opacity":"","overlay-gradient":""}},"ast-content-background-meta":{"desktop":{"background-color":"var(--ast-global-color-5)","background-image":"","background-repeat":"repeat","background-position":"center center","background-size":"auto","background-attachment":"scroll","background-type":"","background-media":"","overlay-type":"","overlay-color":"","overlay-opacity":"","overlay-gradient":""},"tablet":{"background-color":"var(--ast-global-color-5)","background-image":"","background-repeat":"repeat","background-position":"center center","background-size":"auto","background-attachment":"scroll","background-type":"","background-media":"","overlay-type":"","overlay-color":"","overlay-opacity":"","overlay-gradient":""},"mobile":{"background-color":"var(--ast-global-color-5)","background-image":"","background-repeat":"repeat","background-position":"center center","background-size":"auto","background-attachment":"scroll","background-type":"","background-media":"","overlay-type":"","overlay-color":"","overlay-opacity":"","overlay-gradient":""}},"footnotes":""},"class_list":["post-100","page","type-page","status-publish","hentry"],"acf":[],"_links":{"self":[{"href":"https:\/\/wpa-gmbh.com\/de\/wp-json\/wp\/v2\/pages\/100","targetHints":{"allow":["GET"]}}],"collection":[{"href":"https:\/\/wpa-gmbh.com\/de\/wp-json\/wp\/v2\/pages"}],"about":[{"href":"https:\/\/wpa-gmbh.com\/de\/wp-json\/wp\/v2\/types\/page"}],"author":[{"embeddable":true,"href":"https:\/\/wpa-gmbh.com\/de\/wp-json\/wp\/v2\/users\/2"}],"replies":[{"embeddable":true,"href":"https:\/\/wpa-gmbh.com\/de\/wp-json\/wp\/v2\/comments?post=100"}],"version-history":[{"count":10,"href":"https:\/\/wpa-gmbh.com\/de\/wp-json\/wp\/v2\/pages\/100\/revisions"}],"predecessor-version":[{"id":15331,"href":"https:\/\/wpa-gmbh.com\/de\/wp-json\/wp\/v2\/pages\/100\/revisions\/15331"}],"wp:attachment":[{"href":"https:\/\/wpa-gmbh.com\/de\/wp-json\/wp\/v2\/media?parent=100"}],"curies":[{"name":"wp","href":"https:\/\/api.w.org\/{rel}","templated":true}]}}